{"id":6,"date":"2018-11-07T13:07:20","date_gmt":"2018-11-07T10:07:20","guid":{"rendered":"http:\/\/unite.netsihirbaz.com\/?page_id=6"},"modified":"2020-02-09T18:32:51","modified_gmt":"2020-02-09T15:32:51","slug":"home","status":"publish","type":"page","link":"https:\/\/unite.ad\/tr\/","title":{"rendered":"Anasayfa"},"content":{"rendered":"","protected":false},"excerpt":{"rendered":"","protected":false},"author":1,"featured_media":0,"parent":0,"menu_order":0,"comment_status":"closed","ping_status":"closed","template":"themes\/Homepage.php","meta":[],"yoast_head":"<!-- This site is optimized with the Yoast SEO plugin v17.7.1 - https:\/\/yoast.com\/wordpress\/plugins\/seo\/ -->\n<title>Influencer Marketing | Unite.ad T\u00fcrkiye&#039;nin En B\u00fcy\u00fck Influencer \u00c7\u00f6z\u00fcm Orta\u011f\u0131<\/title>\n<meta name=\"description\" content=\"T\u00fcrkiye&#039;nin influencer marketing alan\u0131nda veri odakl\u0131, \u00f6l\u00e7\u00fclebilir pazarlama \u00e7al\u0131\u015fmalar\u0131n\u0131 hayata ge\u00e7iren en b\u00fcy\u00fck \u00e7\u00f6z\u00fcm orta\u011f\u0131n\u0131z: Unite.ad\" \/>\n<meta name=\"robots\" content=\"index, follow, max-snippet:-1, max-image-preview:large, max-video-preview:-1\" \/>\n<link rel=\"canonical\" href=\"https:\/\/unite.ad\/tr\/\" \/>\n<meta property=\"og:locale\" content=\"tr_TR\" \/>\n<meta property=\"og:type\" content=\"article\" \/>\n<meta property=\"og:title\" content=\"Influencer Marketing | Unite.ad T\u00fcrkiye&#039;nin En B\u00fcy\u00fck Influencer \u00c7\u00f6z\u00fcm Orta\u011f\u0131\" \/>\n<meta property=\"og:description\" content=\"T\u00fcrkiye&#039;nin influencer marketing alan\u0131nda veri odakl\u0131, \u00f6l\u00e7\u00fclebilir pazarlama \u00e7al\u0131\u015fmalar\u0131n\u0131 hayata ge\u00e7iren en b\u00fcy\u00fck \u00e7\u00f6z\u00fcm orta\u011f\u0131n\u0131z: Unite.ad\" \/>\n<meta property=\"og:url\" content=\"https:\/\/unite.ad\/tr\/\" \/>\n<meta property=\"og:site_name\" content=\"Unite.ad - Veri Odakl\u0131 Influencer \u00c7\u00f6z\u00fcm Orta\u011f\u0131, #1 Influencer Marketing\" \/>\n<meta property=\"article:publisher\" content=\"http:\/\/facebook.com\/wwwunitead\" \/>\n<meta property=\"article:modified_time\" content=\"2020-02-09T15:32:51+00:00\" \/>\n<meta property=\"og:image\" content=\"https:\/\/unite.ad\/wp-content\/uploads\/2020\/02\/unitead-fb-og.png\" \/>\n\t<meta property=\"og:image:width\" content=\"1200\" \/>\n\t<meta property=\"og:image:height\" content=\"630\" \/>\n<meta name=\"twitter:card\" content=\"summary_large_image\" \/>\n<meta name=\"twitter:site\" content=\"@wwwunitead\" \/>\n<script type=\"application\/ld+json\" class=\"yoast-schema-graph\">{\"@context\":\"https:\/\/schema.org\",\"@graph\":[{\"@type\":\"Organization\",\"@id\":\"https:\/\/unite.ad\/tr\/#organization\",\"name\":\"Unite.ad\",\"url\":\"https:\/\/unite.ad\/tr\/\",\"sameAs\":[\"http:\/\/facebook.com\/wwwunitead\",\"https:\/\/www.instagram.com\/unite.ad\/\",\"https:\/\/www.linkedin.com\/company\/10446365\/\",\"https:\/\/twitter.com\/wwwunitead\"],\"logo\":{\"@type\":\"ImageObject\",\"@id\":\"https:\/\/unite.ad\/tr\/#logo\",\"inLanguage\":\"tr\",\"url\":\"https:\/\/unite.ad\/wp-content\/uploads\/2020\/02\/beyaz_1000.jpg\",\"contentUrl\":\"https:\/\/unite.ad\/wp-content\/uploads\/2020\/02\/beyaz_1000.jpg\",\"width\":1000,\"height\":1000,\"caption\":\"Unite.ad\"},\"image\":{\"@id\":\"https:\/\/unite.ad\/tr\/#logo\"}},{\"@type\":\"WebSite\",\"@id\":\"https:\/\/unite.ad\/tr\/#website\",\"url\":\"https:\/\/unite.ad\/tr\/\",\"name\":\"Unite.ad - Veri Odakl\\u0131 Influencer \\u00c7\\u00f6z\\u00fcm Orta\\u011f\\u0131, #1 Influencer Marketing\",\"description\":\"Veri Odakl\\u0131 Influencer \\u00c7\\u00f6z\\u00fcm Orta\\u011f\\u0131, #1 Influencer Marketing\",\"publisher\":{\"@id\":\"https:\/\/unite.ad\/tr\/#organization\"},\"potentialAction\":[{\"@type\":\"SearchAction\",\"target\":{\"@type\":\"EntryPoint\",\"urlTemplate\":\"https:\/\/unite.ad\/tr\/?s={search_term_string}\"},\"query-input\":\"required name=search_term_string\"}],\"inLanguage\":\"tr\"},{\"@type\":\"WebPage\",\"@id\":\"https:\/\/unite.ad\/tr\/#webpage\",\"url\":\"https:\/\/unite.ad\/tr\/\",\"name\":\"Influencer Marketing | Unite.ad T\\u00fcrkiye'nin En B\\u00fcy\\u00fck Influencer \\u00c7\\u00f6z\\u00fcm Orta\\u011f\\u0131\",\"isPartOf\":{\"@id\":\"https:\/\/unite.ad\/tr\/#website\"},\"datePublished\":\"2018-11-07T10:07:20+00:00\",\"dateModified\":\"2020-02-09T15:32:51+00:00\",\"description\":\"T\\u00fcrkiye'nin influencer marketing alan\\u0131nda veri odakl\\u0131, \\u00f6l\\u00e7\\u00fclebilir pazarlama \\u00e7al\\u0131\\u015fmalar\\u0131n\\u0131 hayata ge\\u00e7iren en b\\u00fcy\\u00fck \\u00e7\\u00f6z\\u00fcm orta\\u011f\\u0131n\\u0131z: Unite.ad\",\"breadcrumb\":{\"@id\":\"https:\/\/unite.ad\/tr\/#breadcrumb\"},\"inLanguage\":\"tr\",\"potentialAction\":[{\"@type\":\"ReadAction\",\"target\":[\"https:\/\/unite.ad\/tr\/\"]}]},{\"@type\":\"BreadcrumbList\",\"@id\":\"https:\/\/unite.ad\/tr\/#breadcrumb\",\"itemListElement\":[{\"@type\":\"ListItem\",\"position\":1,\"name\":\"Ana sayfa\",\"item\":\"https:\/\/unite.ad\/tr\/\"},{\"@type\":\"ListItem\",\"position\":2,\"name\":\"Anasayfa\"}]}]}<\/script>\n<!-- \/ Yoast SEO plugin. -->","yoast_head_json":{"title":"Influencer Marketing | Unite.ad T\u00fcrkiye'nin En B\u00fcy\u00fck Influencer \u00c7\u00f6z\u00fcm Orta\u011f\u0131","description":"T\u00fcrkiye'nin influencer marketing alan\u0131nda veri odakl\u0131, \u00f6l\u00e7\u00fclebilir pazarlama \u00e7al\u0131\u015fmalar\u0131n\u0131 hayata ge\u00e7iren en b\u00fcy\u00fck \u00e7\u00f6z\u00fcm orta\u011f\u0131n\u0131z: Unite.ad","robots":{"index":"index","follow":"follow","max-snippet":"max-snippet:-1","max-image-preview":"max-image-preview:large","max-video-preview":"max-video-preview:-1"},"canonical":"https:\/\/unite.ad\/tr\/","og_locale":"tr_TR","og_type":"article","og_title":"Influencer Marketing | Unite.ad T\u00fcrkiye'nin En B\u00fcy\u00fck Influencer \u00c7\u00f6z\u00fcm Orta\u011f\u0131","og_description":"T\u00fcrkiye'nin influencer marketing alan\u0131nda veri odakl\u0131, \u00f6l\u00e7\u00fclebilir pazarlama \u00e7al\u0131\u015fmalar\u0131n\u0131 hayata ge\u00e7iren en b\u00fcy\u00fck \u00e7\u00f6z\u00fcm orta\u011f\u0131n\u0131z: Unite.ad","og_url":"https:\/\/unite.ad\/tr\/","og_site_name":"Unite.ad - Veri Odakl\u0131 Influencer \u00c7\u00f6z\u00fcm Orta\u011f\u0131, #1 Influencer Marketing","article_publisher":"http:\/\/facebook.com\/wwwunitead","article_modified_time":"2020-02-09T15:32:51+00:00","og_image":[{"width":1200,"height":630,"url":"https:\/\/unite.ad\/wp-content\/uploads\/2020\/02\/unitead-fb-og.png","type":"image\/png"}],"twitter_card":"summary_large_image","twitter_site":"@wwwunitead","schema":{"@context":"https:\/\/schema.org","@graph":[{"@type":"Organization","@id":"https:\/\/unite.ad\/tr\/#organization","name":"Unite.ad","url":"https:\/\/unite.ad\/tr\/","sameAs":["http:\/\/facebook.com\/wwwunitead","https:\/\/www.instagram.com\/unite.ad\/","https:\/\/www.linkedin.com\/company\/10446365\/","https:\/\/twitter.com\/wwwunitead"],"logo":{"@type":"ImageObject","@id":"https:\/\/unite.ad\/tr\/#logo","inLanguage":"tr","url":"https:\/\/unite.ad\/wp-content\/uploads\/2020\/02\/beyaz_1000.jpg","contentUrl":"https:\/\/unite.ad\/wp-content\/uploads\/2020\/02\/beyaz_1000.jpg","width":1000,"height":1000,"caption":"Unite.ad"},"image":{"@id":"https:\/\/unite.ad\/tr\/#logo"}},{"@type":"WebSite","@id":"https:\/\/unite.ad\/tr\/#website","url":"https:\/\/unite.ad\/tr\/","name":"Unite.ad - Veri Odakl\u0131 Influencer \u00c7\u00f6z\u00fcm Orta\u011f\u0131, #1 Influencer Marketing","description":"Veri Odakl\u0131 Influencer \u00c7\u00f6z\u00fcm Orta\u011f\u0131, #1 Influencer Marketing","publisher":{"@id":"https:\/\/unite.ad\/tr\/#organization"},"potentialAction":[{"@type":"SearchAction","target":{"@type":"EntryPoint","urlTemplate":"https:\/\/unite.ad\/tr\/?s={search_term_string}"},"query-input":"required name=search_term_string"}],"inLanguage":"tr"},{"@type":"WebPage","@id":"https:\/\/unite.ad\/tr\/#webpage","url":"https:\/\/unite.ad\/tr\/","name":"Influencer Marketing | Unite.ad T\u00fcrkiye'nin En B\u00fcy\u00fck Influencer \u00c7\u00f6z\u00fcm Orta\u011f\u0131","isPartOf":{"@id":"https:\/\/unite.ad\/tr\/#website"},"datePublished":"2018-11-07T10:07:20+00:00","dateModified":"2020-02-09T15:32:51+00:00","description":"T\u00fcrkiye'nin influencer marketing alan\u0131nda veri odakl\u0131, \u00f6l\u00e7\u00fclebilir pazarlama \u00e7al\u0131\u015fmalar\u0131n\u0131 hayata ge\u00e7iren en b\u00fcy\u00fck \u00e7\u00f6z\u00fcm orta\u011f\u0131n\u0131z: Unite.ad","breadcrumb":{"@id":"https:\/\/unite.ad\/tr\/#breadcrumb"},"inLanguage":"tr","potentialAction":[{"@type":"ReadAction","target":["https:\/\/unite.ad\/tr\/"]}]},{"@type":"BreadcrumbList","@id":"https:\/\/unite.ad\/tr\/#breadcrumb","itemListElement":[{"@type":"ListItem","position":1,"name":"Ana sayfa","item":"https:\/\/unite.ad\/tr\/"},{"@type":"ListItem","position":2,"name":"Anasayfa"}]}]}},"_links":{"self":[{"href":"https:\/\/unite.ad\/tr\/wp-json\/wp\/v2\/pages\/6"}],"collection":[{"href":"https:\/\/unite.ad\/tr\/wp-json\/wp\/v2\/pages"}],"about":[{"href":"https:\/\/unite.ad\/tr\/wp-json\/wp\/v2\/types\/page"}],"author":[{"embeddable":true,"href":"https:\/\/unite.ad\/tr\/wp-json\/wp\/v2\/users\/1"}],"replies":[{"embeddable":true,"href":"https:\/\/unite.ad\/tr\/wp-json\/wp\/v2\/comments?post=6"}],"version-history":[{"count":1,"href":"https:\/\/unite.ad\/tr\/wp-json\/wp\/v2\/pages\/6\/revisions"}],"predecessor-version":[{"id":7,"href":"https:\/\/unite.ad\/tr\/wp-json\/wp\/v2\/pages\/6\/revisions\/7"}],"wp:attachment":[{"href":"https:\/\/unite.ad\/tr\/wp-json\/wp\/v2\/media?parent=6"}],"curies":[{"name":"wp","href":"https:\/\/api.w.org\/{rel}","templated":true}]}}